{"id":852,"date":"2025-01-26T11:18:46","date_gmt":"2025-01-26T10:18:46","guid":{"rendered":"https:\/\/deruve.de\/?page_id=852"},"modified":"2025-01-28T09:36:00","modified_gmt":"2025-01-28T08:36:00","slug":"spenden","status":"publish","type":"page","link":"https:\/\/deruve.de\/ro\/spenden","title":{"rendered":"Spenden"},"content":{"rendered":"<p>Wenn Sie unsere Arbeit finanziell unterst\u00fctzen m\u00f6chten, freuen wir uns \u00fcber Ihre Spende. Jeder Geldbetrag \u2013 ob gro\u00df oder klein \u2013 tr\u00e4gt dazu bei, unser Engagement f\u00fcr Bildung, Kultur und Gemeinschaft zu st\u00e4rken und neue Projekte auf den Weg zu bringen.<\/p>\n\n\n\n<p>Als gemeinn\u00fctziger Verein stellen wir Ihnen gerne eine Spendenbescheinigung aus, damit Sie Ihre Unterst\u00fctzung steuerlich geltend machen k\u00f6nnen.<\/p>\n\n\n\n<p><strong>Spendenkonto:<\/strong><br>Asocia\u021bia Germano-Rom\u00e2n\u0103 din Giessen<br>Volksbank Mittelhessen<br>IBAN: DE94 5139 0000 0048 9601 03<br>BIC: VBMHDE5F<br>Verwendungszweck: &#8222;Spende&#8220; (Bitte geben Sie zus\u00e4tzlich Ihren Namen und Vornamen sowie Ihre Adresse an, wenn Sie eine Spendenbescheinigung w\u00fcnschen.)<\/p>","protected":false},"excerpt":{"rendered":"<p>Wenn Sie unsere Arbeit finanziell unterst\u00fctzen m\u00f6chten, freuen wir uns \u00fcber Ihre Spende. Jeder Geldbetrag \u2013 ob gro\u00df oder klein \u2013 tr\u00e4gt dazu bei, unser Engagement f\u00fcr Bildung, Kultur und Gemeinschaft zu st\u00e4rken und neue Projekte auf den Weg zu<span class=\"excerpt-fade\"><\/span><\/p>","protected":false},"author":1,"featured_media":0,"parent":0,"menu_order":0,"comment_status":"closed","ping_status":"closed","template":"","meta":{"footnotes":""},"class_list":["post-852","page","type-page","status-publish","hentry"],"_links":{"self":[{"href":"https:\/\/deruve.de\/ro\/wp-json\/wp\/v2\/pages\/852","targetHints":{"allow":["GET"]}}],"collection":[{"href":"https:\/\/deruve.de\/ro\/wp-json\/wp\/v2\/pages"}],"about":[{"href":"https:\/\/deruve.de\/ro\/wp-json\/wp\/v2\/types\/page"}],"author":[{"embeddable":true,"href":"https:\/\/deruve.de\/ro\/wp-json\/wp\/v2\/users\/1"}],"replies":[{"embeddable":true,"href":"https:\/\/deruve.de\/ro\/wp-json\/wp\/v2\/comments?post=852"}],"version-history":[{"count":0,"href":"https:\/\/deruve.de\/ro\/wp-json\/wp\/v2\/pages\/852\/revisions"}],"wp:attachment":[{"href":"https:\/\/deruve.de\/ro\/wp-json\/wp\/v2\/media?parent=852"}],"curies":[{"name":"wp","href":"https:\/\/api.w.org\/{rel}","templated":true}]}}