{"id":792,"date":"2024-09-07T15:29:26","date_gmt":"2024-09-07T13:29:26","guid":{"rendered":"https:\/\/deruve.de\/?page_id=792"},"modified":"2025-01-26T17:10:01","modified_gmt":"2025-01-26T16:10:01","slug":"bluetenlese-2025","status":"publish","type":"page","link":"https:\/\/deruve.de\/ro\/bluetenlese-2025","title":{"rendered":"Bl\u00fctenlese &#8211; Antologie"},"content":{"rendered":"<h2 class=\"wp-block-heading\">Bl\u00fctenlese 2025<\/h2>\n\n\n\n<div class=\"wp-block-media-text is-stacked-on-mobile\"><figure class=\"wp-block-media-text__media\"><img loading=\"lazy\" decoding=\"async\" width=\"1024\" height=\"585\" src=\"https:\/\/deruve.de\/wp-content\/uploads\/2024\/09\/DALL\u00b7E-2024-09-07-15.54.45-A-cozy-event-space-with-a-small-stage-in-the-foreground-featuring-three-people_-one-playing-a-guitar-one-presenting-artwork-and-another-speaking-in-1024x585.webp\" alt=\"\" class=\"wp-image-807 size-full\" srcset=\"https:\/\/deruve.de\/wp-content\/uploads\/2024\/09\/DALL\u00b7E-2024-09-07-15.54.45-A-cozy-event-space-with-a-small-stage-in-the-foreground-featuring-three-people_-one-playing-a-guitar-one-presenting-artwork-and-another-speaking-in-1024x585.webp 1024w, https:\/\/deruve.de\/wp-content\/uploads\/2024\/09\/DALL\u00b7E-2024-09-07-15.54.45-A-cozy-event-space-with-a-small-stage-in-the-foreground-featuring-three-people_-one-playing-a-guitar-one-presenting-artwork-and-another-speaking-in-300x171.webp 300w, https:\/\/deruve.de\/wp-content\/uploads\/2024\/09\/DALL\u00b7E-2024-09-07-15.54.45-A-cozy-event-space-with-a-small-stage-in-the-foreground-featuring-three-people_-one-playing-a-guitar-one-presenting-artwork-and-another-speaking-in-768x439.webp 768w, https:\/\/deruve.de\/wp-content\/uploads\/2024\/09\/DALL\u00b7E-2024-09-07-15.54.45-A-cozy-event-space-with-a-small-stage-in-the-foreground-featuring-three-people_-one-playing-a-guitar-one-presenting-artwork-and-another-speaking-in-1536x878.webp 1536w, https:\/\/deruve.de\/wp-content\/uploads\/2024\/09\/DALL\u00b7E-2024-09-07-15.54.45-A-cozy-event-space-with-a-small-stage-in-the-foreground-featuring-three-people_-one-playing-a-guitar-one-presenting-artwork-and-another-speaking-in-18x10.webp 18w, https:\/\/deruve.de\/wp-content\/uploads\/2024\/09\/DALL\u00b7E-2024-09-07-15.54.45-A-cozy-event-space-with-a-small-stage-in-the-foreground-featuring-three-people_-one-playing-a-guitar-one-presenting-artwork-and-another-speaking-in-496x283.webp 496w, https:\/\/deruve.de\/wp-content\/uploads\/2024\/09\/DALL\u00b7E-2024-09-07-15.54.45-A-cozy-event-space-with-a-small-stage-in-the-foreground-featuring-three-people_-one-playing-a-guitar-one-presenting-artwork-and-another-speaking-in.webp 1792w\" sizes=\"auto, (max-width: 1024px) 100vw, 1024px\" \/><\/figure><div class=\"wp-block-media-text__content\">\n<p>\ud83c\udde9\ud83c\uddea Hast du Lust, ein Thema, das dich begeistert, vorzustellen? Bist du wissenschaftlich, musikalisch, schauspielerisch oder k\u00fcnstlerisch aktiv? Der Kreativit\u00e4t sind keine Grenzen gesetzt! Melde dich oder jemanden, den du kennst, <a aria-label=\"HIER  (opens in a new tab)\" href=\"https:\/\/docs.google.com\/forms\/d\/e\/1FAIpQLSfi4irghHPYpUq2Tr6v_MO4SyCaUF8jTUWIRrK2aMCzK8m6Pg\/viewform?usp=sharing\" target=\"_blank\" rel=\"noreferrer noopener\" class=\"ek-link\">HIER <\/a>f\u00fcr die n\u00e4chste Veranstaltungsreihe &#8222;Bl\u00fctenlese &#8211; Antologie&#8220; an. Die Reihe startet im Sommer\/Herbst 2025 und wird sowohl online als auch live angeboten. Im Fr\u00fchjahr 2025 melden wir uns mit weiteren Informationen zur Organisation.<\/p>\n\n\n\n<p>\ud83c\uddf7\ud83c\uddf4 Ai chef s\u0103 prezin\u021bi un subiect care te pasioneaz\u0103? E\u0219ti activ(\u0103) \u00een domeniul \u0219tintii, muzicii, actoriei sau artei? Creativitatea nu are limite! \u00censcrie-te sau recomand\u0103 pe cineva cunoscut <a aria-label=\"AICI  (opens in a new tab)\" href=\"https:\/\/docs.google.com\/forms\/d\/e\/1FAIpQLSfi4irghHPYpUq2Tr6v_MO4SyCaUF8jTUWIRrK2aMCzK8m6Pg\/viewform?usp=sharing\" target=\"_blank\" rel=\"noreferrer noopener\" class=\"ek-link\"><strong>AICI<\/strong> <\/a>pentru urm\u0103toarea serie de evenimente &#8222;Bl\u00fctenlese &#8211; Antologie&#8220;. Seria va \u00eencepe \u00een vara\/toamna anului 2025 \u0219i va fi oferit\u0103 at\u00e2t online, c\u00e2t \u0219i live. \u00cen prim\u0103vara anului 2025, vom lua leg\u0103tura pentru detalii suplimentare despre organizare.<\/p>\n\n\n\n<p><\/p>\n\n\n\n<p>Bild: KI-generiert<\/p>\n<\/div><\/div>\n\n\n\n<h2 class=\"wp-block-heading\">Bl\u00fctenlese 2024<\/h2>\n\n\n\n<p>Im Oktober startete unsere Veranstaltungsreihe &#8222;Bl\u00fctenlese &#8211; Antologie&#8220; mit zahlreichen inspirierende Vortr\u00e4gen, musikalischen und szenischen Darbietungen. <\/p>\n\n\n\n<figure class=\"wp-block-gallery has-nested-images columns-default is-cropped wp-block-gallery-1 is-layout-flex wp-block-gallery-is-layout-flex\">\n<figure class=\"wp-block-image size-large\"><img loading=\"lazy\" decoding=\"async\" width=\"1024\" height=\"1024\" data-id=\"837\" src=\"https:\/\/deruve.de\/wp-content\/uploads\/2024\/09\/1-4-1024x1024.png\" alt=\"\" class=\"wp-image-837\" srcset=\"https:\/\/deruve.de\/wp-content\/uploads\/2024\/09\/1-4-1024x1024.png 1024w, https:\/\/deruve.de\/wp-content\/uploads\/2024\/09\/1-4-300x300.png 300w, https:\/\/deruve.de\/wp-content\/uploads\/2024\/09\/1-4-150x150.png 150w, https:\/\/deruve.de\/wp-content\/uploads\/2024\/09\/1-4-768x768.png 768w, https:\/\/deruve.de\/wp-content\/uploads\/2024\/09\/1-4-12x12.png 12w, https:\/\/deruve.de\/wp-content\/uploads\/2024\/09\/1-4.png 1080w\" sizes=\"auto, (max-width: 1024px) 100vw, 1024px\" \/><\/figure>\n\n\n\n<figure class=\"wp-block-image size-large\"><img loading=\"lazy\" decoding=\"async\" width=\"1024\" height=\"1024\" data-id=\"824\" src=\"https:\/\/deruve.de\/wp-content\/uploads\/2024\/09\/2-1-1024x1024.jpg\" alt=\"\" class=\"wp-image-824\" srcset=\"https:\/\/deruve.de\/wp-content\/uploads\/2024\/09\/2-1-1024x1024.jpg 1024w, https:\/\/deruve.de\/wp-content\/uploads\/2024\/09\/2-1-300x300.jpg 300w, https:\/\/deruve.de\/wp-content\/uploads\/2024\/09\/2-1-150x150.jpg 150w, https:\/\/deruve.de\/wp-content\/uploads\/2024\/09\/2-1-768x768.jpg 768w, https:\/\/deruve.de\/wp-content\/uploads\/2024\/09\/2-1-12x12.jpg 12w, https:\/\/deruve.de\/wp-content\/uploads\/2024\/09\/2-1.jpg 1080w\" sizes=\"auto, (max-width: 1024px) 100vw, 1024px\" \/><\/figure>\n<\/figure>","protected":false},"excerpt":{"rendered":"<p>Bl\u00fctenlese 2025 \ud83c\udde9\ud83c\uddea Hast du Lust, ein Thema, das dich begeistert, vorzustellen? Bist du wissenschaftlich, musikalisch, schauspielerisch oder k\u00fcnstlerisch aktiv? Der Kreativit\u00e4t sind keine Grenzen gesetzt! Melde dich oder jemanden, den du kennst, HIER f\u00fcr die n\u00e4chste Veranstaltungsreihe &#8222;Bl\u00fctenlese &#8211;<span class=\"excerpt-fade\"><\/span><\/p>","protected":false},"author":1,"featured_media":0,"parent":0,"menu_order":0,"comment_status":"closed","ping_status":"closed","template":"","meta":{"footnotes":""},"class_list":["post-792","page","type-page","status-publish","hentry"],"_links":{"self":[{"href":"https:\/\/deruve.de\/ro\/wp-json\/wp\/v2\/pages\/792","targetHints":{"allow":["GET"]}}],"collection":[{"href":"https:\/\/deruve.de\/ro\/wp-json\/wp\/v2\/pages"}],"about":[{"href":"https:\/\/deruve.de\/ro\/wp-json\/wp\/v2\/types\/page"}],"author":[{"embeddable":true,"href":"https:\/\/deruve.de\/ro\/wp-json\/wp\/v2\/users\/1"}],"replies":[{"embeddable":true,"href":"https:\/\/deruve.de\/ro\/wp-json\/wp\/v2\/comments?post=792"}],"version-history":[{"count":0,"href":"https:\/\/deruve.de\/ro\/wp-json\/wp\/v2\/pages\/792\/revisions"}],"wp:attachment":[{"href":"https:\/\/deruve.de\/ro\/wp-json\/wp\/v2\/media?parent=792"}],"curies":[{"name":"wp","href":"https:\/\/api.w.org\/{rel}","templated":true}]}}