{"id":489,"date":"2022-04-26T12:40:00","date_gmt":"2022-04-26T10:40:00","guid":{"rendered":"https:\/\/deruve.de\/?page_id=489"},"modified":"2023-05-23T12:00:49","modified_gmt":"2023-05-23T10:00:49","slug":"kulturkalender","status":"publish","type":"page","link":"https:\/\/deruve.de\/ro\/kulturkalender","title":{"rendered":"Kulturkalender"},"content":{"rendered":"<div class=\"wp-block-cover aligncenter\"><span aria-hidden=\"true\" class=\"wp-block-cover__background has-background-dim\"><\/span><img loading=\"lazy\" decoding=\"async\" width=\"1024\" height=\"683\" class=\"wp-block-cover__image-background wp-image-643\" alt=\"\" src=\"https:\/\/deruve.de\/wp-content\/uploads\/2023\/02\/pexels-vlad-chetan-3357269-1024x683.jpg\" data-object-fit=\"cover\" srcset=\"https:\/\/deruve.de\/wp-content\/uploads\/2023\/02\/pexels-vlad-chetan-3357269-1024x683.jpg 1024w, https:\/\/deruve.de\/wp-content\/uploads\/2023\/02\/pexels-vlad-chetan-3357269-300x200.jpg 300w, https:\/\/deruve.de\/wp-content\/uploads\/2023\/02\/pexels-vlad-chetan-3357269-768x512.jpg 768w, https:\/\/deruve.de\/wp-content\/uploads\/2023\/02\/pexels-vlad-chetan-3357269-1536x1024.jpg 1536w, https:\/\/deruve.de\/wp-content\/uploads\/2023\/02\/pexels-vlad-chetan-3357269-2048x1365.jpg 2048w, https:\/\/deruve.de\/wp-content\/uploads\/2023\/02\/pexels-vlad-chetan-3357269-18x12.jpg 18w, https:\/\/deruve.de\/wp-content\/uploads\/2023\/02\/pexels-vlad-chetan-3357269-450x300.jpg 450w\" sizes=\"auto, (max-width: 1024px) 100vw, 1024px\" \/><div class=\"wp-block-cover__inner-container is-layout-flow wp-block-cover-is-layout-flow\">\n<p class=\"has-text-align-center has-large-font-size\"><\/p>\n<\/div><\/div>\n\n\n\n<h2 class=\"wp-block-heading\">Januar<\/h2>\n\n\n\n<ul class=\"wp-block-list\">\n<li>1. Januar: Neujahr\/ Anul Nou<\/li>\n\n\n\n<li>6. Januar Heilige Drei K\u00f6nige (Boboteaza)<\/li>\n\n\n\n<li>24. Januar: Ziua Unirii Principatelor Rom\u00e2ne (Tag der Vereinigung)<\/li>\n<\/ul>\n\n\n\n<h2 class=\"wp-block-heading\">Februar<\/h2>\n\n\n\n<ul class=\"wp-block-list\">\n<li>12. Februar: Gr\u00fcndungstag des Deutsch-Rum\u00e4nischen Vereins Gie\u00dfen e.V.<\/li>\n<\/ul>\n\n\n\n<div class=\"wp-block-cover aligncenter is-light\"><span aria-hidden=\"true\" class=\"wp-block-cover__background has-background-dim\"><\/span><img loading=\"lazy\" decoding=\"async\" width=\"512\" height=\"512\" class=\"wp-block-cover__image-background wp-image-644\" alt=\"\" src=\"https:\/\/deruve.de\/wp-content\/uploads\/2023\/02\/512px-Martisor_simple.svg_.png\" data-object-fit=\"cover\" srcset=\"https:\/\/deruve.de\/wp-content\/uploads\/2023\/02\/512px-Martisor_simple.svg_.png 512w, https:\/\/deruve.de\/wp-content\/uploads\/2023\/02\/512px-Martisor_simple.svg_-300x300.png 300w, https:\/\/deruve.de\/wp-content\/uploads\/2023\/02\/512px-Martisor_simple.svg_-150x150.png 150w, https:\/\/deruve.de\/wp-content\/uploads\/2023\/02\/512px-Martisor_simple.svg_-12x12.png 12w\" sizes=\"auto, (max-width: 512px) 100vw, 512px\" \/><div class=\"wp-block-cover__inner-container is-layout-flow wp-block-cover-is-layout-flow\">\n<p class=\"has-text-align-center has-large-font-size\"><\/p>\n<\/div><\/div>\n\n\n\n<p><strong>M\u00e4rz<\/strong><\/p>\n\n\n\n<ul class=\"wp-block-list\">\n<li>1. M\u00e4rz: M\u0103r\u021bi\u0219or (Feier des Fr\u00fchlingsanfangs)<\/li>\n<\/ul>\n\n\n\n<h2 class=\"wp-block-heading\">April<\/h2>\n\n\n\n<ul class=\"wp-block-list\">\n<li>21. April: Unterzeichnung des deutsch-rum\u00e4nischen Vertrags <\/li>\n<\/ul>\n\n\n\n<h2 class=\"wp-block-heading\">Mai<\/h2>\n\n\n\n<ul class=\"wp-block-list\">\n<li>1. Mai: Tag der Arbeit\/ Ziua Muncii<\/li>\n<\/ul>\n\n\n\n<h2 class=\"wp-block-heading\">Juni<\/h2>\n\n\n\n<ul class=\"wp-block-list\">\n<li>1. Juni: Ziua Copilului (Tag des Kindes)<\/li>\n\n\n\n<li>24. Juni: Ziua interna\u0163ional\u0103 a Iei (Internationaler Tag der rum\u00e4nischen Bluse)<\/li>\n\n\n\n<li>26. Juni Ziua drapelului national (Tag der Nationalfahne)<\/li>\n<\/ul>\n\n\n\n<h2 class=\"wp-block-heading\">Juli<\/h2>\n\n\n\n<ul class=\"wp-block-list\">\n<li>29. Juli: Ziua Imnului na\u021bional (Tag der Nationalhymne)<\/li>\n<\/ul>\n\n\n\n<h2 class=\"wp-block-heading\">August<\/h2>\n\n\n\n<ul class=\"wp-block-list\">\n<li>15. August: Adormirea Maicii Domnului (Mari\u00e4 Himmelfahrt)<\/li>\n\n\n\n<li>28. August: Ziua Limbii Rom\u00e2ne (Tag der rum\u00e4nischen Sprache)<\/li>\n<\/ul>\n\n\n\n<h2 class=\"wp-block-heading\">Oktober<\/h2>\n\n\n\n<ul class=\"wp-block-list\">\n<li>3. Oktober: Tag der deutschen Einheit (Ziua Unit\u0103\u021bii Germane) <\/li>\n<\/ul>\n\n\n\n<h2 class=\"wp-block-heading\">November<\/h2>\n\n\n\n<ul class=\"wp-block-list\">\n<li>30. November: Sf\u00e2ntul Andrei (Tag des Hl. Andreas)<\/li>\n<\/ul>\n\n\n\n<h2 class=\"wp-block-heading\">Dezember<\/h2>\n\n\n\n<ul class=\"wp-block-list\">\n<li>1. Dezember: Ziua na\u021bional\u0103 (Ziua Marii Uniri\/ Rum\u00e4nischer Nationalfeiertag)<\/li>\n\n\n\n<li>24.\/25.\/26. Dezember: Weihnachtsfeiertage (Cr\u0103ciunul)<\/li>\n<\/ul>","protected":false},"excerpt":{"rendered":"<p>Januar Februar M\u00e4rz April Mai Juni Juli August Oktober November Dezember<\/p>","protected":false},"author":1,"featured_media":0,"parent":0,"menu_order":0,"comment_status":"closed","ping_status":"closed","template":"","meta":{"footnotes":""},"class_list":["post-489","page","type-page","status-publish","hentry"],"_links":{"self":[{"href":"https:\/\/deruve.de\/ro\/wp-json\/wp\/v2\/pages\/489","targetHints":{"allow":["GET"]}}],"collection":[{"href":"https:\/\/deruve.de\/ro\/wp-json\/wp\/v2\/pages"}],"about":[{"href":"https:\/\/deruve.de\/ro\/wp-json\/wp\/v2\/types\/page"}],"author":[{"embeddable":true,"href":"https:\/\/deruve.de\/ro\/wp-json\/wp\/v2\/users\/1"}],"replies":[{"embeddable":true,"href":"https:\/\/deruve.de\/ro\/wp-json\/wp\/v2\/comments?post=489"}],"version-history":[{"count":0,"href":"https:\/\/deruve.de\/ro\/wp-json\/wp\/v2\/pages\/489\/revisions"}],"wp:attachment":[{"href":"https:\/\/deruve.de\/ro\/wp-json\/wp\/v2\/media?parent=489"}],"curies":[{"name":"wp","href":"https:\/\/api.w.org\/{rel}","templated":true}]}}