{"id":358,"date":"2022-04-07T23:46:37","date_gmt":"2022-04-07T21:46:37","guid":{"rendered":"https:\/\/deruve.de\/?page_id=358"},"modified":"2022-04-08T00:23:33","modified_gmt":"2022-04-07T22:23:33","slug":"geschichte","status":"publish","type":"page","link":"https:\/\/deruve.de\/ro\/geschichte","title":{"rendered":"Geschichte"},"content":{"rendered":"<p class=\"has-drop-cap\"><\/p>\n\n\n\n<div class=\"wp-block-media-text alignfull is-stacked-on-mobile is-vertically-aligned-top\" style=\"grid-template-columns:44% auto\"><figure class=\"wp-block-media-text__media\"><img loading=\"lazy\" decoding=\"async\" width=\"1024\" height=\"768\" src=\"https:\/\/deruve.de\/wp-content\/uploads\/2022\/04\/20200919_193307-1024x768.jpg\" alt=\"\" class=\"wp-image-367 size-full\" srcset=\"https:\/\/deruve.de\/wp-content\/uploads\/2022\/04\/20200919_193307-1024x768.jpg 1024w, https:\/\/deruve.de\/wp-content\/uploads\/2022\/04\/20200919_193307-300x225.jpg 300w, https:\/\/deruve.de\/wp-content\/uploads\/2022\/04\/20200919_193307-768x576.jpg 768w, https:\/\/deruve.de\/wp-content\/uploads\/2022\/04\/20200919_193307-1536x1152.jpg 1536w, https:\/\/deruve.de\/wp-content\/uploads\/2022\/04\/20200919_193307-2048x1536.jpg 2048w, https:\/\/deruve.de\/wp-content\/uploads\/2022\/04\/20200919_193307-16x12.jpg 16w, https:\/\/deruve.de\/wp-content\/uploads\/2022\/04\/20200919_193307-400x300.jpg 400w\" sizes=\"auto, (max-width: 1024px) 100vw, 1024px\" \/><\/figure><div class=\"wp-block-media-text__content\">\n<p class=\"has-drop-cap has-normal-font-size\">Am 12. Februar 2021 hoben engagierte Menschen aus Gie\u00dfen und Umgebung den Deutsch-Rum\u00e4nischen Verein Gie\u00dfen aus der Taufe. Gerade unter Pandemiebedingungen war dieser Schritt nicht gew\u00f6hnlich. Man kannte nicht pers\u00f6nlich und das sollte gezwungenerma\u00dfen lange Zeit auch noch weiterhin so bleiben. Mit der ersten Sitzung verabschiedete sie eine Satzung, die einerseits verankerte, dass unser Handeln und Tun im Sinne der F\u00f6rderung der kulturellen, wissenschaftlichen, politischen und humanit\u00e4ren Beziehungen zwischen Menschen, die in Mittelhessen und au\u00dferhalb von Mittelhessen leben, steht und durch Veranstaltungen, Projekte und gemeinn\u00fctzige Arbeit gegen Diskriminierung und f\u00fcr Kunst- und Kulturaustausch im Sinne eines friedlichen und gleichberechtigten Zusammenlebens aller Menschen unabh\u00e4ngig von ihrer Nationalit\u00e4t, Staatsangeh\u00f6rigkeit, Religion, ethnischen und kulturellen Herkunft gef\u00f6rdert wird. Als Vorsitzender wurde Karsten Kopp, der zugleich Gr\u00fcndungsinitiator war, gew\u00e4hlt In den folgenden Monaten folgten zahlreiche organisatorische Onlinetreffen, Mitgliederversammlungen und Vorstandssitzungen. Am 9. Juli 2021 fand schlie\u00dflich das erste Online-Sommerkonzert Chef de vara, statt. An die 30 Zuh\u00f6rerinnen aus mehr vier verschiedenen L\u00e4ndern weilten diesem Abendprogramm bei. Vereinsmitglieder:innen und Freund:innen boten den Zuh\u00f6rerinnen diese Abends ein unvergessliches musikalisches Programm. Diese erfolgreiche Zusammenarbeit f\u00fchrt dazu, dass man ein zweites Online-Konzert, Concert de Colinde zu Weihnachten veranstaltete. Im Herbst startete Mitte September eine \u00fcber zw\u00f6lf Wochen andauernde Online-Vortragreihe Bl\u00fctenlese \u2013 Antologie. Hier kamen Expert:innen rund um das Thema Rum\u00e4nien und Deutschland an Donnerstagabenden mit interessierten Zuh\u00f6rer:innen zusammen und konnten \u00fcber Forschungsprojekte, ehrenamtliche und berufliche T\u00e4tigkeiten und Interessenschwerpunkte berichten.<\/p>\n<\/div><\/div>","protected":false},"excerpt":{"rendered":"<p>Am 12. Februar 2021 hoben engagierte Menschen aus Gie\u00dfen und Umgebung den Deutsch-Rum\u00e4nischen Verein Gie\u00dfen aus der Taufe. Gerade unter Pandemiebedingungen war dieser Schritt nicht gew\u00f6hnlich. Man kannte nicht pers\u00f6nlich und das sollte gezwungenerma\u00dfen lange Zeit auch noch weiterhin so<span class=\"excerpt-fade\"><\/span><\/p>","protected":false},"author":1,"featured_media":0,"parent":0,"menu_order":0,"comment_status":"closed","ping_status":"closed","template":"","meta":{"footnotes":""},"class_list":["post-358","page","type-page","status-publish","hentry"],"_links":{"self":[{"href":"https:\/\/deruve.de\/ro\/wp-json\/wp\/v2\/pages\/358","targetHints":{"allow":["GET"]}}],"collection":[{"href":"https:\/\/deruve.de\/ro\/wp-json\/wp\/v2\/pages"}],"about":[{"href":"https:\/\/deruve.de\/ro\/wp-json\/wp\/v2\/types\/page"}],"author":[{"embeddable":true,"href":"https:\/\/deruve.de\/ro\/wp-json\/wp\/v2\/users\/1"}],"replies":[{"embeddable":true,"href":"https:\/\/deruve.de\/ro\/wp-json\/wp\/v2\/comments?post=358"}],"version-history":[{"count":0,"href":"https:\/\/deruve.de\/ro\/wp-json\/wp\/v2\/pages\/358\/revisions"}],"wp:attachment":[{"href":"https:\/\/deruve.de\/ro\/wp-json\/wp\/v2\/media?parent=358"}],"curies":[{"name":"wp","href":"https:\/\/api.w.org\/{rel}","templated":true}]}}