{"id":308,"date":"2022-04-03T11:41:57","date_gmt":"2022-04-03T09:41:57","guid":{"rendered":"https:\/\/deruve.de\/?page_id=308"},"modified":"2025-01-27T17:24:26","modified_gmt":"2025-01-27T16:24:26","slug":"presse","status":"publish","type":"page","link":"https:\/\/deruve.de\/ro\/presse","title":{"rendered":"Presse"},"content":{"rendered":"<div class=\"wp-block-media-text is-stacked-on-mobile\"><figure class=\"wp-block-media-text__media\"><img loading=\"lazy\" decoding=\"async\" width=\"1024\" height=\"576\" src=\"https:\/\/deruve.de\/wp-content\/uploads\/2022\/03\/6-Bild-Galerie-1024x576.png\" alt=\"\" class=\"wp-image-748 size-full\" srcset=\"https:\/\/deruve.de\/wp-content\/uploads\/2022\/03\/6-Bild-Galerie-1024x576.png 1024w, https:\/\/deruve.de\/wp-content\/uploads\/2022\/03\/6-Bild-Galerie-300x169.png 300w, https:\/\/deruve.de\/wp-content\/uploads\/2022\/03\/6-Bild-Galerie-768x432.png 768w, https:\/\/deruve.de\/wp-content\/uploads\/2022\/03\/6-Bild-Galerie-18x10.png 18w, https:\/\/deruve.de\/wp-content\/uploads\/2022\/03\/6-Bild-Galerie-496x279.png 496w, https:\/\/deruve.de\/wp-content\/uploads\/2022\/03\/6-Bild-Galerie.png 1366w\" sizes=\"auto, (max-width: 1024px) 100vw, 1024px\" \/><\/figure><div class=\"wp-block-media-text__content\">\n<h2 class=\"wp-block-heading\">Deutsch-Rum\u00e4nischer Verein Gie\u00dfen hat neuen Vorstand<\/h2>\n\n\n\n<p>In einer hybriden Mitgliederversammlung am 15. Februar w\u00e4hlte der Deutsch-Rum\u00e4nische Verein Gie\u00dfen e.V. seinen neuen Vorstand. Karsten Kopp wurde im Amt als Vorsitzender und damit auch seine Aufbauarbeit des Vereins best\u00e4tigt. Als neue stellvertretende Vorsitzende w\u00e4hlte die Mitgliederversammlung Laura Tu\u021bu, die damit Roland Covaci abl\u00f6ste. Bahar \u00d6zer wurde im Amt der Schatzmeisterin best\u00e4tigt und an ihre Seite Jens Burkart als stellvertretender Schatzmeister gew\u00e4hlt. \u00d6zer und Burkart teilen sich zudem die Schriftf\u00fchrung. Neue \u00d6ffentlichkeitsreferentin wurde Daniela Hu\u021bu-Cristea, die zuvor Amalia Bulla-Garlon\u021ba dabei unterst\u00fctze, welche jedoch nicht mehr zur Wahl antrat. Eva Covaci best\u00e4tigte die Versammlung im Amt der Referentin f\u00fcr Jugendarbeit und w\u00e4hlte sie in das Amt der Referentin f\u00fcr Kultur und Soziales. Neuer Kassenpr\u00fcfer wurde Dieterich Emde. Karsten Kopp dankte den ehemaligen und neuen Vorstandsmitgliedern f\u00fcr Ihr Engagement.<\/p>\n<\/div><\/div>\n\n\n\n<div class=\"wp-block-media-text alignwide is-stacked-on-mobile is-image-fill-element\"><figure class=\"wp-block-media-text__media\"><img loading=\"lazy\" decoding=\"async\" width=\"828\" height=\"180\" src=\"https:\/\/deruve.de\/wp-content\/uploads\/2024\/01\/Screenshot-2024-01-19-090707.png\" alt=\"\" class=\"wp-image-722 size-full\" style=\"object-position:50% 50%\" srcset=\"https:\/\/deruve.de\/wp-content\/uploads\/2024\/01\/Screenshot-2024-01-19-090707.png 828w, https:\/\/deruve.de\/wp-content\/uploads\/2024\/01\/Screenshot-2024-01-19-090707-300x65.png 300w, https:\/\/deruve.de\/wp-content\/uploads\/2024\/01\/Screenshot-2024-01-19-090707-768x167.png 768w, https:\/\/deruve.de\/wp-content\/uploads\/2024\/01\/Screenshot-2024-01-19-090707-18x4.png 18w, https:\/\/deruve.de\/wp-content\/uploads\/2024\/01\/Screenshot-2024-01-19-090707-496x108.png 496w\" sizes=\"auto, (max-width: 828px) 100vw, 828px\" \/><\/figure><div class=\"wp-block-media-text__content\">\n<h2 class=\"wp-block-heading has-normal-font-size\"><a href=\"https:\/\/www.giessener-zeitung.de\/2023\/10\/13\/bluetenlese-vortragsreihe-auch-wieder-in-diesem-jahr\/\" target=\"_blank\" aria-label=\" (opens in a new tab)\" rel=\"noreferrer noopener\" class=\"ek-link\">Gie\u00dfener Zeitung, 13.Okt<\/a><a aria-label=\" (opens in a new tab)\" href=\"https:\/\/www.giessener-zeitung.de\/2023\/10\/13\/bluetenlese-vortragsreihe-auch-wieder-in-diesem-jahr\/\" target=\"_blank\" rel=\"noreferrer noopener\" class=\"ek-link\">o<\/a><a type=\"URL\" id=\"https:\/\/www.giessener-zeitung.de\/2021\/07\/28\/internationale-online-vortragsreihe-des-deutsch-rumaenischen-vereins-giessen\/\" href=\"https:\/\/www.giessener-zeitung.de\/2021\/07\/28\/internationale-online-vortragsreihe-des-deutsch-rumaenischen-vereins-giessen\/\" target=\"_blank\" rel=\"noreferrer noopener\" class=\"ek-link\">ber 2023<\/a><\/h2>\n<\/div><\/div>\n\n\n\n<div class=\"wp-block-media-text alignwide is-stacked-on-mobile is-image-fill-element\"><figure class=\"wp-block-media-text__media\"><img loading=\"lazy\" decoding=\"async\" width=\"361\" height=\"602\" src=\"https:\/\/deruve.de\/wp-content\/uploads\/2022\/04\/Artikel-2.jpg\" alt=\"\" class=\"wp-image-332 size-full\" style=\"object-position:37% 0%\" srcset=\"https:\/\/deruve.de\/wp-content\/uploads\/2022\/04\/Artikel-2.jpg 361w, https:\/\/deruve.de\/wp-content\/uploads\/2022\/04\/Artikel-2-180x300.jpg 180w, https:\/\/deruve.de\/wp-content\/uploads\/2022\/04\/Artikel-2-7x12.jpg 7w\" sizes=\"auto, (max-width: 361px) 100vw, 361px\" \/><\/figure><div class=\"wp-block-media-text__content\">\n<h2 class=\"wp-block-heading has-normal-font-size\"><a href=\"https:\/\/www.giessener-zeitung.de\/2021\/07\/28\/internationale-online-vortragsreihe-des-deutsch-rumaenischen-vereins-giessen\/\" type=\"URL\" id=\"https:\/\/www.giessener-zeitung.de\/2021\/07\/28\/internationale-online-vortragsreihe-des-deutsch-rumaenischen-vereins-giessen\/\" target=\"_blank\" rel=\"noreferrer noopener\" class=\"ek-link\">Gie\u00dfener Zeitung, 28. Juli 2021<\/a><\/h2>\n<\/div><\/div>\n\n\n\n<div class=\"wp-block-media-text alignwide is-stacked-on-mobile is-image-fill-element\"><figure class=\"wp-block-media-text__media\"><img loading=\"lazy\" decoding=\"async\" width=\"733\" height=\"695\" src=\"https:\/\/deruve.de\/wp-content\/uploads\/2022\/04\/Artikel-1.jpg\" alt=\"\" class=\"wp-image-330 size-full\" style=\"object-position:50% 50%\" srcset=\"https:\/\/deruve.de\/wp-content\/uploads\/2022\/04\/Artikel-1.jpg 733w, https:\/\/deruve.de\/wp-content\/uploads\/2022\/04\/Artikel-1-300x284.jpg 300w, https:\/\/deruve.de\/wp-content\/uploads\/2022\/04\/Artikel-1-13x12.jpg 13w, https:\/\/deruve.de\/wp-content\/uploads\/2022\/04\/Artikel-1-316x300.jpg 316w\" sizes=\"auto, (max-width: 733px) 100vw, 733px\" \/><\/figure><div class=\"wp-block-media-text__content\">\n<h2 class=\"wp-block-heading has-normal-font-size\"><a href=\"https:\/\/www.mittelhessen.de\/lokales\/stadt-giessen\/nachrichten-giessen\/in-giessen-deutsch-rumanischer-verein-gegrundet_23506035\" type=\"URL\" id=\"https:\/\/www.mittelhessen.de\/lokales\/stadt-giessen\/nachrichten-giessen\/in-giessen-deutsch-rumanischer-verein-gegrundet_23506035\" target=\"_blank\" rel=\"noreferrer noopener\" class=\"ek-link\">Gie\u00dfener Allgemeine, 13. April 2020<\/a><\/h2>\n<\/div><\/div>","protected":false},"excerpt":{"rendered":"<p>Deutsch-Rum\u00e4nischer Verein Gie\u00dfen hat neuen Vorstand In einer hybriden Mitgliederversammlung am 15. Februar w\u00e4hlte der Deutsch-Rum\u00e4nische Verein Gie\u00dfen e.V. seinen neuen Vorstand. Karsten Kopp wurde im Amt als Vorsitzender und damit auch seine Aufbauarbeit des Vereins best\u00e4tigt. Als neue stellvertretende<span class=\"excerpt-fade\"><\/span><\/p>","protected":false},"author":1,"featured_media":0,"parent":0,"menu_order":0,"comment_status":"closed","ping_status":"closed","template":"","meta":{"footnotes":""},"class_list":["post-308","page","type-page","status-publish","hentry"],"_links":{"self":[{"href":"https:\/\/deruve.de\/ro\/wp-json\/wp\/v2\/pages\/308","targetHints":{"allow":["GET"]}}],"collection":[{"href":"https:\/\/deruve.de\/ro\/wp-json\/wp\/v2\/pages"}],"about":[{"href":"https:\/\/deruve.de\/ro\/wp-json\/wp\/v2\/types\/page"}],"author":[{"embeddable":true,"href":"https:\/\/deruve.de\/ro\/wp-json\/wp\/v2\/users\/1"}],"replies":[{"embeddable":true,"href":"https:\/\/deruve.de\/ro\/wp-json\/wp\/v2\/comments?post=308"}],"version-history":[{"count":0,"href":"https:\/\/deruve.de\/ro\/wp-json\/wp\/v2\/pages\/308\/revisions"}],"wp:attachment":[{"href":"https:\/\/deruve.de\/ro\/wp-json\/wp\/v2\/media?parent=308"}],"curies":[{"name":"wp","href":"https:\/\/api.w.org\/{rel}","templated":true}]}}