{"id":117,"date":"2022-03-20T20:32:22","date_gmt":"2022-03-20T19:32:22","guid":{"rendered":"https:\/\/deruve.de\/?page_id=117"},"modified":"2025-07-25T08:10:50","modified_gmt":"2025-07-25T06:10:50","slug":"mitglied-werden","status":"publish","type":"page","link":"https:\/\/deruve.de\/ro\/mitglied-werden","title":{"rendered":"Deveni membru"},"content":{"rendered":"<h2 class=\"wp-block-heading\">PDF-Mitgliedsantrag<\/h2>\n\n\n\n<p>Sie k\u00f6nnen alternativ Ihren PDF-Mitgliedsantrag herunterladen, ausdrucken und ausgef\u00fcllt als Scan an <a href=\"mailto:deruve.gi@gmail.com\" target=\"_blank\" rel=\"noreferrer noopener\">deruve.gi@gmail.com<\/a> mailen.<\/p>\n\n\n\n<div data-wp-interactive=\"core\/file\" class=\"wp-block-file\"><object data-wp-bind--hidden=\"!state.hasPdfPreview\" hidden class=\"wp-block-file__embed\" data=\"https:\/\/deruve.de\/wp-content\/uploads\/2025\/01\/Mitgliedsantrag-1.pdf\" type=\"application\/pdf\" style=\"width:100%;height:600px\" aria-label=\"\u00cenglobare pentru Mitgliedsantrag.\"><\/object><a id=\"wp-block-file--media-795ae5aa-9ad5-410c-870b-c8406ddbd41a\" href=\"https:\/\/deruve.de\/wp-content\/uploads\/2025\/01\/Mitgliedsantrag-1.pdf\">Mitgliedsantrag<\/a><a href=\"https:\/\/deruve.de\/wp-content\/uploads\/2025\/01\/Mitgliedsantrag-1.pdf\" class=\"wp-block-file__button wp-element-button\" download aria-describedby=\"wp-block-file--media-795ae5aa-9ad5-410c-870b-c8406ddbd41a\">Herunterladen<\/a><\/div>\n\n\n\n<h2 class=\"wp-block-heading\">Mitgliedschafts- und Beitragsordnung <\/h2>\n\n\n\n<p><em>Diese Mitgliedschafts- und Beitragsordnung wurde erg\u00e4nzend zu \u00a77 der Vereinssatzung des Deutsch-Rum\u00e4nischen Vereins Gie\u00dfen e.V. von der Mitgliederversammlung am 11. Oktober 2021 beschlossen und in Kraft gesetzt.<\/em><\/p>\n\n\n\n<p><strong>1. Mitgliedschaft\/ H\u00f6he der Beitr\u00e4ge<\/strong><\/p>\n\n\n\n<p>1.1 Der Deutsch-Rum\u00e4nische Verein nimmt nat\u00fcrliche und Rechtspersonen auf. Die Anmeldung erfolgt schriftlich durch einen Mitgliedsantrag. \u00dcber die Annahme des Mitgliedsantrags entscheidet der Vorstand.<\/p>\n\n\n\n<p>1.2 Alle neu eintretenden Mitglieder verpflichten sich, mit ihrem Mitgliedsantrag die Vereinssatzung sowie die Mitgliedschafts- und Beitragsordnung in Ihren jeweils g\u00fcltigen Fassungen anzuerkennen.<\/p>\n\n\n\n<p>1.3 Alle Mitglieder verpflichten sich zwecks vereinsinterner Datenverarbeitung bei der Anmeldung ihrer Mitgliedschaft folgende Angaben zu ihrer Person und ggf. Familienangeh\u00f6rigen im Rahmen einer Familienmitgliedschaft zu machen: Name, Vorname, Adresse, Geburtsdatum, Geschlecht, Beruf, Telefonnummer(n) sowie&nbsp; E-Mail-Adresse. Alle Mitglieder versichern die Richtigkeit der Angaben. Bei nachweislicher Unstimmigkeit&nbsp; bzw. Inkorrektheit der Angaben kann die Mitgliedschaft durch den Vorstand verweigert bzw. entzogen werden. \u00c4nderungen der Angaben sind dem Vorstand zeitnah zu \u00fcbermitteln.<\/p>\n\n\n\n<p>1.4 Alle Mitglieder verpflichten sich dazu, den jeweils g\u00fcltigen Tarif des Mitgliedsbeitrags in voller H\u00f6he auf das Konto des Vereins zu \u00fcberweisen bzw. den Verein dazu zu&nbsp;&nbsp; erm\u00e4chtigen, Zahlungen von ihrem Konto mittels SEPA-Lastschrift einzuziehen. Zugleich weisen die Mitglieder ihr Kreditinstitute an, die vom Verein auf ihr Konto gezogene Lastschriften einzul\u00f6sen.<\/p>\n\n\n\n<p>1.5&nbsp;&nbsp;&nbsp;&nbsp;&nbsp;&nbsp;&nbsp;&nbsp; Die&nbsp; Mitgliedschaft beginnt mit dem Zahlungseingang des Mitgliedsbeitrags auf das Vereinskonto.<\/p>\n\n\n\n<p>1.6&nbsp;&nbsp;&nbsp;&nbsp;&nbsp;&nbsp;&nbsp;&nbsp; Der j\u00e4hrliche Mitgliedsbeitrag bezieht sich auf den Tarif des Vorjahres. Der Jahresbeitrag betr\u00e4gt f\u00fcr:<\/p>\n\n\n\n<figure class=\"wp-block-table\"><table><tbody><tr><td>Erwachsene<\/td><td><strong>60,00\u20ac<\/strong><\/td><\/tr><tr><td>Familien<\/td><td><strong>60,00\u20ac + 10,00\u20ac pro weiteres<\/strong> <strong>Familienmitglied<\/strong><\/td><\/tr><tr><td>Sch\u00fcler*innen\/ Studierende\/ Auszubildende<\/td><td><strong>20,00\u20ac<\/strong><\/td><\/tr><tr><td>Kinder\/ Jugendliche unter 18 Jahren<\/td><td><strong>0,00\u20ac<\/strong><\/td><\/tr><\/tbody><\/table><\/figure>\n\n\n\n<p><strong>2. F\u00e4lligkeit\/ Zahlungsweise<\/strong><\/p>\n\n\n\n<p>2.1 Mitgliedsbeitr\u00e4ge werden am 1. Januar eines Kalenderjahres berechnet. Mitgliedschaften&nbsp;mit dem Beginn vor dem 30. Juni zahlen erstmalig den gesamten Jahresbeitrag, nach dem 1. Juli wird erstmalig nur die H\u00e4lfte des Jahresbeitrags berechnet. Erstattungen werden nicht gew\u00e4hrt.<\/p>\n\n\n\n<p>2.2 Mitglieder melden zeitnah etwaige \u00c4nderungen gem\u00e4\u00df des nach 1.6 gemeldeten Tarifs dem Vorstand schriftlich per Brief oder E-Mail und weisen dies mittels entsprechenden Dokumenten (z.B. Personalausweis, Studienbescheinigung, Ausbildungsnachweis) nach.<\/p>\n\n\n\n<p>2.3 Die Zahlung des Mitgliedsbeitrags erfolgt per elektronischer Lastschrift. Die Mandatsreferenz setzte sich aus Mitgliedsnummer und&nbsp; Familienname zusammen.<\/p>\n\n\n\n<p>2.4 Der Vorstand kann auf Antrag des Mitglieds im Einzelfall die Ratenzahlung eines f\u00e4lligen Jahresmitgliedsbeitrags beschlie\u00dfen.<\/p>","protected":false},"excerpt":{"rendered":"<p>PDF-Mitgliedsantrag Sie k\u00f6nnen alternativ Ihren PDF-Mitgliedsantrag herunterladen, ausdrucken und ausgef\u00fcllt als Scan an deruve.gi@gmail.com mailen. Mitgliedschafts- und Beitragsordnung Diese Mitgliedschafts- und Beitragsordnung wurde erg\u00e4nzend zu \u00a77 der Vereinssatzung des Deutsch-Rum\u00e4nischen Vereins Gie\u00dfen e.V. von der Mitgliederversammlung am 11. Oktober 2021<span class=\"excerpt-fade\"><\/span><\/p>","protected":false},"author":1,"featured_media":0,"parent":0,"menu_order":0,"comment_status":"closed","ping_status":"closed","template":"","meta":{"footnotes":""},"class_list":["post-117","page","type-page","status-publish","hentry"],"_links":{"self":[{"href":"https:\/\/deruve.de\/ro\/wp-json\/wp\/v2\/pages\/117","targetHints":{"allow":["GET"]}}],"collection":[{"href":"https:\/\/deruve.de\/ro\/wp-json\/wp\/v2\/pages"}],"about":[{"href":"https:\/\/deruve.de\/ro\/wp-json\/wp\/v2\/types\/page"}],"author":[{"embeddable":true,"href":"https:\/\/deruve.de\/ro\/wp-json\/wp\/v2\/users\/1"}],"replies":[{"embeddable":true,"href":"https:\/\/deruve.de\/ro\/wp-json\/wp\/v2\/comments?post=117"}],"version-history":[{"count":0,"href":"https:\/\/deruve.de\/ro\/wp-json\/wp\/v2\/pages\/117\/revisions"}],"wp:attachment":[{"href":"https:\/\/deruve.de\/ro\/wp-json\/wp\/v2\/media?parent=117"}],"curies":[{"name":"wp","href":"https:\/\/api.w.org\/{rel}","templated":true}]}}