{"id":103,"date":"2022-03-20T20:30:01","date_gmt":"2022-03-20T19:30:01","guid":{"rendered":"https:\/\/deruve.de\/?page_id=103"},"modified":"2022-04-08T19:12:01","modified_gmt":"2022-04-08T17:12:01","slug":"kultur-bildung","status":"publish","type":"page","link":"https:\/\/deruve.de\/ro\/kultur-bildung","title":{"rendered":"Cultur\u0103 &amp; Educa\u021bie"},"content":{"rendered":"<div class=\"wp-block-media-text alignwide is-stacked-on-mobile is-image-fill\"><figure class=\"wp-block-media-text__media\" style=\"background-image:url(https:\/\/deruve.de\/wp-content\/uploads\/2022\/04\/IMG_20200826_222211_430-1024x1024.jpg);background-position:50% 50%\"><img loading=\"lazy\" decoding=\"async\" width=\"1024\" height=\"1024\" src=\"https:\/\/deruve.de\/wp-content\/uploads\/2022\/04\/IMG_20200826_222211_430-1024x1024.jpg\" alt=\"\" class=\"wp-image-398 size-full\" srcset=\"https:\/\/deruve.de\/wp-content\/uploads\/2022\/04\/IMG_20200826_222211_430-1024x1024.jpg 1024w, https:\/\/deruve.de\/wp-content\/uploads\/2022\/04\/IMG_20200826_222211_430-300x300.jpg 300w, https:\/\/deruve.de\/wp-content\/uploads\/2022\/04\/IMG_20200826_222211_430-150x150.jpg 150w, https:\/\/deruve.de\/wp-content\/uploads\/2022\/04\/IMG_20200826_222211_430-768x768.jpg 768w, https:\/\/deruve.de\/wp-content\/uploads\/2022\/04\/IMG_20200826_222211_430-12x12.jpg 12w, https:\/\/deruve.de\/wp-content\/uploads\/2022\/04\/IMG_20200826_222211_430.jpg 1081w\" sizes=\"auto, (max-width: 1024px) 100vw, 1024px\" \/><\/figure><div class=\"wp-block-media-text__content\">\n<p class=\"has-drop-cap has-text-align-left has-normal-font-size\">Der Deutsch-Rum\u00e4nische Verein Gie\u00dfen e.V. versteht sich als Initiator und Multiplikator kultureller Arbeit durch Veranstaltungen, Projekte und Kooperationen in Gie\u00dfen und dar\u00fcber hinaus. Er m\u00f6chte Heimat und Angelpunkt f\u00fcr Menschen aus allen L\u00e4ndern sein. Die Passion zur Zwischenmenschlichkeit und das Interesse an Kultur, Land und Leuten Rum\u00e4niens und Deutschlands bilden wichtige Pfeiler unserer T\u00e4tigkeit. Dabei stehen die Verkn\u00fcpfung von Bildungsarbeit in Gestaltung von Vielfalt, sowohl durch wissenschaftliche Projekte als auch Jugend- und Erwachsenen\u00adarbeit, und kultureller Vermittlung durch Konzerte, Lesungen, Vortr\u00e4ge und Ausstellungen im Vordergrund. Das Ziel hierbei  ist eine klischeefreie und mehrperspektivische Auseinandersetzung mit Rum\u00e4nien und Deutschland.<\/p>\n<\/div><\/div>","protected":false},"excerpt":{"rendered":"<p>Der Deutsch-Rum\u00e4nische Verein Gie\u00dfen e.V. versteht sich als Initiator und Multiplikator kultureller Arbeit durch Veranstaltungen, Projekte und Kooperationen in Gie\u00dfen und dar\u00fcber hinaus. Er m\u00f6chte Heimat und Angelpunkt f\u00fcr Menschen aus allen L\u00e4ndern sein. Die Passion zur Zwischenmenschlichkeit und das<span class=\"excerpt-fade\"><\/span><\/p>","protected":false},"author":1,"featured_media":0,"parent":0,"menu_order":0,"comment_status":"closed","ping_status":"closed","template":"","meta":{"footnotes":""},"class_list":["post-103","page","type-page","status-publish","hentry"],"_links":{"self":[{"href":"https:\/\/deruve.de\/ro\/wp-json\/wp\/v2\/pages\/103","targetHints":{"allow":["GET"]}}],"collection":[{"href":"https:\/\/deruve.de\/ro\/wp-json\/wp\/v2\/pages"}],"about":[{"href":"https:\/\/deruve.de\/ro\/wp-json\/wp\/v2\/types\/page"}],"author":[{"embeddable":true,"href":"https:\/\/deruve.de\/ro\/wp-json\/wp\/v2\/users\/1"}],"replies":[{"embeddable":true,"href":"https:\/\/deruve.de\/ro\/wp-json\/wp\/v2\/comments?post=103"}],"version-history":[{"count":0,"href":"https:\/\/deruve.de\/ro\/wp-json\/wp\/v2\/pages\/103\/revisions"}],"wp:attachment":[{"href":"https:\/\/deruve.de\/ro\/wp-json\/wp\/v2\/media?parent=103"}],"curies":[{"name":"wp","href":"https:\/\/api.w.org\/{rel}","templated":true}]}}